{"id":4870,"date":"2025-02-22T18:27:04","date_gmt":"2025-02-22T21:27:04","guid":{"rendered":"https:\/\/wheat-woodcock-570515.hostingersite.com\/?page_id=4870"},"modified":"2025-04-15T00:18:12","modified_gmt":"2025-04-15T03:18:12","slug":"quem-sou","status":"publish","type":"page","link":"https:\/\/paulodeayra.com\/en\/quem-sou\/","title":{"rendered":"About me"},"content":{"rendered":"<div data-elementor-type=\"wp-page\" data-elementor-id=\"4870\" class=\"elementor elementor-4870\" data-elementor-settings=\"{&quot;element_pack_global_tooltip_width&quot;:{&quot;unit&quot;:&quot;px&quot;,&quot;size&quot;:&quot;&quot;,&quot;sizes&quot;:[]},&quot;element_pack_global_tooltip_width_tablet&quot;:{&quot;unit&quot;:&quot;px&quot;,&quot;size&quot;:&quot;&quot;,&quot;sizes&quot;:[]},&quot;element_pack_global_tooltip_width_mobile&quot;:{&quot;unit&quot;:&quot;px&quot;,&quot;size&quot;:&quot;&quot;,&quot;sizes&quot;:[]},&quot;element_pack_global_tooltip_padding&quot;:{&quot;unit&quot;:&quot;px&quot;,&quot;top&quot;:&quot;&quot;,&quot;right&quot;:&quot;&quot;,&quot;bottom&quot;:&quot;&quot;,&quot;left&quot;:&quot;&quot;,&quot;isLinked&quot;:true},&quot;element_pack_global_tooltip_padding_tablet&quot;:{&quot;unit&quot;:&quot;px&quot;,&quot;top&quot;:&quot;&quot;,&quot;right&quot;:&quot;&quot;,&quot;bottom&quot;:&quot;&quot;,&quot;left&quot;:&quot;&quot;,&quot;isLinked&quot;:true},&quot;element_pack_global_tooltip_padding_mobile&quot;:{&quot;unit&quot;:&quot;px&quot;,&quot;top&quot;:&quot;&quot;,&quot;right&quot;:&quot;&quot;,&quot;bottom&quot;:&quot;&quot;,&quot;left&quot;:&quot;&quot;,&quot;isLinked&quot;:true},&quot;element_pack_global_tooltip_border_radius&quot;:{&quot;unit&quot;:&quot;px&quot;,&quot;top&quot;:&quot;&quot;,&quot;right&quot;:&quot;&quot;,&quot;bottom&quot;:&quot;&quot;,&quot;left&quot;:&quot;&quot;,&quot;isLinked&quot;:true},&quot;element_pack_global_tooltip_border_radius_tablet&quot;:{&quot;unit&quot;:&quot;px&quot;,&quot;top&quot;:&quot;&quot;,&quot;right&quot;:&quot;&quot;,&quot;bottom&quot;:&quot;&quot;,&quot;left&quot;:&quot;&quot;,&quot;isLinked&quot;:true},&quot;element_pack_global_tooltip_border_radius_mobile&quot;:{&quot;unit&quot;:&quot;px&quot;,&quot;top&quot;:&quot;&quot;,&quot;right&quot;:&quot;&quot;,&quot;bottom&quot;:&quot;&quot;,&quot;left&quot;:&quot;&quot;,&quot;isLinked&quot;:true}}\" data-elementor-post-type=\"page\">\n\t\t\t\t<div class=\"elementor-element elementor-element-2040f0c7 e-flex e-con-boxed e-con e-parent\" data-id=\"2040f0c7\" data-element_type=\"container\" data-settings=\"{&quot;position&quot;:&quot;fixed&quot;,&quot;sticky&quot;:&quot;top&quot;,&quot;sticky_parent&quot;:&quot;yes&quot;,&quot;sticky_on&quot;:[&quot;desktop&quot;,&quot;tablet&quot;,&quot;mobile&quot;],&quot;sticky_offset&quot;:0,&quot;sticky_effects_offset&quot;:0,&quot;sticky_anchor_link_offset&quot;:0}\">\n\t\t\t\t\t<div class=\"e-con-inner\">\n\t\t\t\t\t<\/div>\n\t\t\t\t<\/div>\n\t\t<div class=\"elementor-element elementor-element-e06ef6d e-flex e-con-boxed e-con e-parent\" data-id=\"e06ef6d\" data-element_type=\"container\" data-settings=\"{&quot;background_background&quot;:&quot;classic&quot;}\">\n\t\t\t\t\t<div class=\"e-con-inner\">\n\t\t\t\t\t<\/div>\n\t\t\t\t<\/div>\n\t\t<div class=\"elementor-element elementor-element-4c74e9c0 e-flex e-con-boxed e-con e-parent\" data-id=\"4c74e9c0\" data-element_type=\"container\">\n\t\t\t\t\t<div class=\"e-con-inner\">\n\t\t\t\t<div class=\"elementor-element elementor-element-7d46add elementor-widget elementor-widget-html\" data-id=\"7d46add\" data-element_type=\"widget\" data-widget_type=\"html.default\">\n\t\t\t\t\t<script>\r\n        (function(w,d,u){\r\n                var s=d.createElement('script');s.async=true;s.src=u+'?'+(Date.now()\/60000|0);\r\n                var h=d.getElementsByTagName('script')[0];h.parentNode.insertBefore(s,h);\r\n        })(window,document,'https:\/\/cdn.bitrix24.com.br\/b31863799\/crm\/site_button\/loader_2_snuf56.js');\r\n<\/script>\t\t\t\t<\/div>\n\t\t\t\t<div class=\"elementor-element elementor-element-3aed83f3 elementor-widget-mobile__width-inherit elementor-widget-tablet__width-inherit elementor-widget elementor-widget-heading\" data-id=\"3aed83f3\" data-element_type=\"widget\" data-widget_type=\"heading.default\">\n\t\t\t\t\t<h2 class=\"elementor-heading-title elementor-size-default\">About me<\/h2>\t\t\t\t<\/div>\n\t\t\t\t<div class=\"elementor-element elementor-element-4dc24bc7 elementor-widget-mobile__width-inherit elementor-widget__width-inherit elementor-widget elementor-widget-text-editor\" data-id=\"4dc24bc7\" data-element_type=\"widget\" data-widget_type=\"text-editor.default\">\n\t\t\t\t\t\t\t\t\t<p data-pm-slice=\"1 1 []\">I&#039;m a <strong>Paul Ayra<\/strong>priest <strong>The Umbanda, Candombl\u00e9, Jurema, Jurema preta, e Quimbanda<\/strong>. With more than 3<strong>0 years experience<\/strong> on the spiritual path, I will dedicate my life to guide, heal, and transform lives through spirituality. As the Father and of the Holy ghost, and tarot card reader, conduct consultations, spiritual work, and teaching for those who are looking for a more in-depth knowledge.<\/p><p><strong>The founder of the Center for Spiritual<\/strong> <strong>The palace of Joe, in the city of Fortaleza-CE,<\/strong> I have been helping people find balance, love, and prosperity by connecting with your guides, and deities. In addition to this, <strong>I am a therapist, holistic,<\/strong> a pioneer in the education of all of the cards Featured in the state, having made more than 300 fortune-tellers in the state.<\/p><p>With the knowledge on the <strong>Reiki, Dowsing, Apometria, Thetahealing, A Longer -<\/strong> and any other spiritual practice, my mission is to help each and every person to wake up your inner power and change your life. I believe in you <strong>for the love of others and a respect for spirituality, the pillars of the path of the light body.<\/strong><\/p><p>If you are looking for spiritual guidance, balance, energy, or desire to strengthen their faith, <strong>I&#039;m here to help you with the confidence, dedication, and respect their journey.<\/strong><\/p>\t\t\t\t\t\t\t\t<\/div>\n\t\t\t\t\t<\/div>\n\t\t\t\t<\/div>\n\t\t\t\t<\/div>","protected":false},"excerpt":{"rendered":"<p>Quem sou Sou Paulo de Ayra, sacerdote de Umbanda, Candombl\u00e9, Jurema e Quimbanda. Com mais de 30 anos de experi\u00eancia no caminho espiritual, dedico minha vida a orientar, curar e transformar vidas atrav\u00e9s da espiritualidade. Como Pai de Santo e cartomante, realizo consultas, trabalhos espirituais e ensino aqueles que buscam um conhecimento mais profundo. Fundador [&hellip;]<\/p>","protected":false},"author":1,"featured_media":0,"parent":0,"menu_order":0,"comment_status":"closed","ping_status":"closed","template":"elementor_header_footer","meta":{"footnotes":""},"class_list":["post-4870","page","type-page","status-publish","hentry"],"_links":{"self":[{"href":"https:\/\/paulodeayra.com\/en\/wp-json\/wp\/v2\/pages\/4870","targetHints":{"allow":["GET"]}}],"collection":[{"href":"https:\/\/paulodeayra.com\/en\/wp-json\/wp\/v2\/pages"}],"about":[{"href":"https:\/\/paulodeayra.com\/en\/wp-json\/wp\/v2\/types\/page"}],"author":[{"embeddable":true,"href":"https:\/\/paulodeayra.com\/en\/wp-json\/wp\/v2\/users\/1"}],"replies":[{"embeddable":true,"href":"https:\/\/paulodeayra.com\/en\/wp-json\/wp\/v2\/comments?post=4870"}],"version-history":[{"count":13,"href":"https:\/\/paulodeayra.com\/en\/wp-json\/wp\/v2\/pages\/4870\/revisions"}],"predecessor-version":[{"id":5288,"href":"https:\/\/paulodeayra.com\/en\/wp-json\/wp\/v2\/pages\/4870\/revisions\/5288"}],"wp:attachment":[{"href":"https:\/\/paulodeayra.com\/en\/wp-json\/wp\/v2\/media?parent=4870"}],"curies":[{"name":"wp","href":"https:\/\/api.w.org\/{rel}","templated":true}]}}