{"id":4875,"date":"2025-02-22T18:28:31","date_gmt":"2025-02-22T21:28:31","guid":{"rendered":"https:\/\/wheat-woodcock-570515.hostingersite.com\/?page_id=4875"},"modified":"2026-01-03T21:58:23","modified_gmt":"2026-01-04T00:58:23","slug":"servicos","status":"publish","type":"page","link":"https:\/\/paulodeayra.com\/en\/servicos\/","title":{"rendered":"Services"},"content":{"rendered":"<div data-elementor-type=\"wp-page\" data-elementor-id=\"4875\" class=\"elementor elementor-4875\" data-elementor-settings=\"{&quot;element_pack_global_tooltip_width&quot;:{&quot;unit&quot;:&quot;px&quot;,&quot;size&quot;:&quot;&quot;,&quot;sizes&quot;:[]},&quot;element_pack_global_tooltip_width_tablet&quot;:{&quot;unit&quot;:&quot;px&quot;,&quot;size&quot;:&quot;&quot;,&quot;sizes&quot;:[]},&quot;element_pack_global_tooltip_width_mobile&quot;:{&quot;unit&quot;:&quot;px&quot;,&quot;size&quot;:&quot;&quot;,&quot;sizes&quot;:[]},&quot;element_pack_global_tooltip_padding&quot;:{&quot;unit&quot;:&quot;px&quot;,&quot;top&quot;:&quot;&quot;,&quot;right&quot;:&quot;&quot;,&quot;bottom&quot;:&quot;&quot;,&quot;left&quot;:&quot;&quot;,&quot;isLinked&quot;:true},&quot;element_pack_global_tooltip_padding_tablet&quot;:{&quot;unit&quot;:&quot;px&quot;,&quot;top&quot;:&quot;&quot;,&quot;right&quot;:&quot;&quot;,&quot;bottom&quot;:&quot;&quot;,&quot;left&quot;:&quot;&quot;,&quot;isLinked&quot;:true},&quot;element_pack_global_tooltip_padding_mobile&quot;:{&quot;unit&quot;:&quot;px&quot;,&quot;top&quot;:&quot;&quot;,&quot;right&quot;:&quot;&quot;,&quot;bottom&quot;:&quot;&quot;,&quot;left&quot;:&quot;&quot;,&quot;isLinked&quot;:true},&quot;element_pack_global_tooltip_border_radius&quot;:{&quot;unit&quot;:&quot;px&quot;,&quot;top&quot;:&quot;&quot;,&quot;right&quot;:&quot;&quot;,&quot;bottom&quot;:&quot;&quot;,&quot;left&quot;:&quot;&quot;,&quot;isLinked&quot;:true},&quot;element_pack_global_tooltip_border_radius_tablet&quot;:{&quot;unit&quot;:&quot;px&quot;,&quot;top&quot;:&quot;&quot;,&quot;right&quot;:&quot;&quot;,&quot;bottom&quot;:&quot;&quot;,&quot;left&quot;:&quot;&quot;,&quot;isLinked&quot;:true},&quot;element_pack_global_tooltip_border_radius_mobile&quot;:{&quot;unit&quot;:&quot;px&quot;,&quot;top&quot;:&quot;&quot;,&quot;right&quot;:&quot;&quot;,&quot;bottom&quot;:&quot;&quot;,&quot;left&quot;:&quot;&quot;,&quot;isLinked&quot;:true}}\" data-elementor-post-type=\"page\">\n\t\t\t\t<div class=\"elementor-element elementor-element-75b9bcc5 e-flex e-con-boxed e-con e-parent\" data-id=\"75b9bcc5\" data-element_type=\"container\" data-settings=\"{&quot;position&quot;:&quot;fixed&quot;,&quot;sticky&quot;:&quot;top&quot;,&quot;sticky_parent&quot;:&quot;yes&quot;,&quot;sticky_on&quot;:[&quot;desktop&quot;,&quot;tablet&quot;,&quot;mobile&quot;],&quot;sticky_offset&quot;:0,&quot;sticky_effects_offset&quot;:0,&quot;sticky_anchor_link_offset&quot;:0}\">\n\t\t\t\t\t<div class=\"e-con-inner\">\n\t\t\t\t\t<\/div>\n\t\t\t\t<\/div>\n\t\t<div class=\"elementor-element elementor-element-4c54bec2 e-flex e-con-boxed e-con e-parent\" data-id=\"4c54bec2\" data-element_type=\"container\" data-settings=\"{&quot;background_background&quot;:&quot;classic&quot;}\">\n\t\t\t\t\t<div class=\"e-con-inner\">\n\t\t\t\t\t<\/div>\n\t\t\t\t<\/div>\n\t\t<div class=\"elementor-element elementor-element-0a52364 e-flex e-con-boxed e-con e-parent\" data-id=\"0a52364\" data-element_type=\"container\" data-settings=\"{&quot;background_background&quot;:&quot;classic&quot;}\">\n\t\t\t\t\t<div class=\"e-con-inner\">\n\t\t\t\t<div class=\"elementor-element elementor-element-83189ad elementor-widget elementor-widget-html\" data-id=\"83189ad\" data-element_type=\"widget\" data-widget_type=\"html.default\">\n\t\t\t\t\t<script>\r\n        (function(w,d,u){\r\n                var s=d.createElement('script');s.async=true;s.src=u+'?'+(Date.now()\/60000|0);\r\n                var h=d.getElementsByTagName('script')[0];h.parentNode.insertBefore(s,h);\r\n        })(window,document,'https:\/\/cdn.bitrix24.com.br\/b31863799\/crm\/site_button\/loader_2_snuf56.js');\r\n<\/script>\t\t\t\t<\/div>\n\t\t\t\t<div class=\"elementor-element elementor-element-7b4a5d8 elementor-widget-mobile__width-inherit elementor-widget-tablet__width-inherit elementor-widget__width-inherit elementor-widget elementor-widget-heading\" data-id=\"7b4a5d8\" data-element_type=\"widget\" data-widget_type=\"heading.default\">\n\t\t\t\t\t<h2 class=\"elementor-heading-title elementor-size-default\">My services<\/h2>\t\t\t\t<\/div>\n\t\t<div class=\"elementor-element elementor-element-6d66603 e-con-full e-flex e-con e-child\" data-id=\"6d66603\" data-element_type=\"container\" data-settings=\"{&quot;background_background&quot;:&quot;classic&quot;}\">\n\t\t\t\t<div class=\"elementor-element elementor-element-b0513f4 elementor-widget-mobile__width-inherit elementor-widget-tablet__width-inherit elementor-widget__width-inherit elementor-widget elementor-widget-heading\" data-id=\"b0513f4\" data-element_type=\"widget\" data-widget_type=\"heading.default\">\n\t\t\t\t\t<h2 class=\"elementor-heading-title elementor-size-default\">Binding<br>\n<span class=\"forte02\"> Love<\/span><\/h2>\t\t\t\t<\/div>\n\t\t\t\t<div class=\"elementor-element elementor-element-f2c81c5 elementor-tablet-align-right elementor-align-right elementor-widget__width-inherit elementor-widget elementor-widget-button\" data-id=\"f2c81c5\" data-element_type=\"widget\" data-widget_type=\"button.default\">\n\t\t\t\t\t\t\t\t\t\t<a class=\"elementor-button elementor-button-link elementor-size-sm elementor-animation-grow\" href=\"https:\/\/zenuhub.com\/r\/whatsapp\" target=\"_blank\" rel=\"noopener\">\n\t\t\t\t\t\t<span class=\"elementor-button-content-wrapper\">\n\t\t\t\t\t\t<span class=\"elementor-button-icon\">\n\t\t\t\t<svg xmlns=\"http:\/\/www.w3.org\/2000\/svg\" width=\"43\" height=\"16\" viewbox=\"0 0 43 16\" fill=\"none\"><path d=\"M42.7071 8.70711C43.0976 8.31658 43.0976 7.68342 42.7071 7.29289L36.3431 0.928932C35.9526 0.538408 35.3195 0.538408 34.9289 0.928932C34.5384 1.31946 34.5384 1.95262 34.9289 2.34315L40.5858 8L34.9289 13.6569C34.5384 14.0474 34.5384 14.6805 34.9289 15.0711C35.3195 15.4616 35.9526 15.4616 36.3431 15.0711L42.7071 8.70711ZM0.5 9H42V7H0.5V9Z\" fill=\"#FFCC80\"><\/path><\/svg>\t\t\t<\/span>\n\t\t\t\t\t\t\t\t\t<span class=\"elementor-button-text\">Schedule<\/span>\n\t\t\t\t\t<\/span>\n\t\t\t\t\t<\/a>\n\t\t\t\t\t\t\t\t<\/div>\n\t\t\t\t<\/div>\n\t\t<div class=\"elementor-element elementor-element-e24c7d4 e-con-full grow e-flex e-con e-child\" data-id=\"e24c7d4\" data-element_type=\"container\" data-settings=\"{&quot;background_background&quot;:&quot;classic&quot;}\">\n\t\t\t\t<div class=\"elementor-element elementor-element-b7f2ed4 elementor-widget-mobile__width-inherit elementor-widget-tablet__width-inherit elementor-widget__width-inherit elementor-widget elementor-widget-heading\" data-id=\"b7f2ed4\" data-element_type=\"widget\" data-widget_type=\"heading.default\">\n\t\t\t\t\t<h2 class=\"elementor-heading-title elementor-size-default\">The Query In The Spiritual <br>\n<span class=\"forte02\">Systemic<\/span><\/h2>\t\t\t\t<\/div>\n\t\t\t\t<div class=\"elementor-element elementor-element-c724e32 elementor-tablet-align-right elementor-align-right elementor-widget__width-inherit elementor-widget elementor-widget-button\" data-id=\"c724e32\" data-element_type=\"widget\" data-widget_type=\"button.default\">\n\t\t\t\t\t\t\t\t\t\t<a class=\"elementor-button elementor-button-link elementor-size-sm elementor-animation-grow\" href=\"https:\/\/paulodeayra.com\/en\/consultas\/\">\n\t\t\t\t\t\t<span class=\"elementor-button-content-wrapper\">\n\t\t\t\t\t\t<span class=\"elementor-button-icon\">\n\t\t\t\t<svg xmlns=\"http:\/\/www.w3.org\/2000\/svg\" width=\"43\" height=\"16\" viewbox=\"0 0 43 16\" fill=\"none\"><path d=\"M42.7071 8.70711C43.0976 8.31658 43.0976 7.68342 42.7071 7.29289L36.3431 0.928932C35.9526 0.538408 35.3195 0.538408 34.9289 0.928932C34.5384 1.31946 34.5384 1.95262 34.9289 2.34315L40.5858 8L34.9289 13.6569C34.5384 14.0474 34.5384 14.6805 34.9289 15.0711C35.3195 15.4616 35.9526 15.4616 36.3431 15.0711L42.7071 8.70711ZM0.5 9H42V7H0.5V9Z\" fill=\"#FFCC80\"><\/path><\/svg>\t\t\t<\/span>\n\t\t\t\t\t\t\t\t\t<span class=\"elementor-button-text\">Schedule<\/span>\n\t\t\t\t\t<\/span>\n\t\t\t\t\t<\/a>\n\t\t\t\t\t\t\t\t<\/div>\n\t\t\t\t<\/div>\n\t\t<div class=\"elementor-element elementor-element-8215bbe e-con-full e-flex e-con e-child\" data-id=\"8215bbe\" data-element_type=\"container\" data-settings=\"{&quot;background_background&quot;:&quot;classic&quot;}\">\n\t\t\t\t<div class=\"elementor-element elementor-element-d07c872 elementor-widget-mobile__width-inherit elementor-widget-tablet__width-inherit elementor-widget__width-inherit elementor-widget elementor-widget-heading\" data-id=\"d07c872\" data-element_type=\"widget\" data-widget_type=\"heading.default\">\n\t\t\t\t\t<h2 class=\"elementor-heading-title elementor-size-default\">Domination<br>\n<span class=\"forte02\">Head<\/span><\/h2>\t\t\t\t<\/div>\n\t\t\t\t<div class=\"elementor-element elementor-element-756e864 elementor-tablet-align-right elementor-align-right elementor-widget__width-inherit elementor-widget elementor-widget-button\" data-id=\"756e864\" data-element_type=\"widget\" data-widget_type=\"button.default\">\n\t\t\t\t\t\t\t\t\t\t<a class=\"elementor-button elementor-button-link elementor-size-sm elementor-animation-grow\" href=\"https:\/\/zenuhub.com\/r\/whatsapp\" target=\"_blank\" rel=\"noopener\">\n\t\t\t\t\t\t<span class=\"elementor-button-content-wrapper\">\n\t\t\t\t\t\t<span class=\"elementor-button-icon\">\n\t\t\t\t<svg xmlns=\"http:\/\/www.w3.org\/2000\/svg\" width=\"43\" height=\"16\" viewbox=\"0 0 43 16\" fill=\"none\"><path d=\"M42.7071 8.70711C43.0976 8.31658 43.0976 7.68342 42.7071 7.29289L36.3431 0.928932C35.9526 0.538408 35.3195 0.538408 34.9289 0.928932C34.5384 1.31946 34.5384 1.95262 34.9289 2.34315L40.5858 8L34.9289 13.6569C34.5384 14.0474 34.5384 14.6805 34.9289 15.0711C35.3195 15.4616 35.9526 15.4616 36.3431 15.0711L42.7071 8.70711ZM0.5 9H42V7H0.5V9Z\" fill=\"#FFCC80\"><\/path><\/svg>\t\t\t<\/span>\n\t\t\t\t\t\t\t\t\t<span class=\"elementor-button-text\">Schedule<\/span>\n\t\t\t\t\t<\/span>\n\t\t\t\t\t<\/a>\n\t\t\t\t\t\t\t\t<\/div>\n\t\t\t\t<\/div>\n\t\t<div class=\"elementor-element elementor-element-4c9a51d e-con-full e-flex e-con e-child\" data-id=\"4c9a51d\" data-element_type=\"container\" data-settings=\"{&quot;background_background&quot;:&quot;classic&quot;}\">\n\t\t\t\t<div class=\"elementor-element elementor-element-c4520df elementor-widget-mobile__width-inherit elementor-widget-tablet__width-inherit elementor-widget__width-inherit elementor-widget elementor-widget-heading\" data-id=\"c4520df\" data-element_type=\"widget\" data-widget_type=\"heading.default\">\n\t\t\t\t\t<h2 class=\"elementor-heading-title elementor-size-default\">Ritual<br>\n<span class=\"forte02\">Pactua\u00e7\u00f5es<\/span><\/h2>\t\t\t\t<\/div>\n\t\t\t\t<div class=\"elementor-element elementor-element-970b423 elementor-tablet-align-right elementor-align-right elementor-widget__width-inherit elementor-widget elementor-widget-button\" data-id=\"970b423\" data-element_type=\"widget\" data-widget_type=\"button.default\">\n\t\t\t\t\t\t\t\t\t\t<a class=\"elementor-button elementor-button-link elementor-size-sm elementor-animation-grow\" href=\"https:\/\/zenuhub.com\/r\/whatsapp\" target=\"_blank\" rel=\"noopener\">\n\t\t\t\t\t\t<span class=\"elementor-button-content-wrapper\">\n\t\t\t\t\t\t<span class=\"elementor-button-icon\">\n\t\t\t\t<svg xmlns=\"http:\/\/www.w3.org\/2000\/svg\" width=\"43\" height=\"16\" viewbox=\"0 0 43 16\" fill=\"none\"><path d=\"M42.7071 8.70711C43.0976 8.31658 43.0976 7.68342 42.7071 7.29289L36.3431 0.928932C35.9526 0.538408 35.3195 0.538408 34.9289 0.928932C34.5384 1.31946 34.5384 1.95262 34.9289 2.34315L40.5858 8L34.9289 13.6569C34.5384 14.0474 34.5384 14.6805 34.9289 15.0711C35.3195 15.4616 35.9526 15.4616 36.3431 15.0711L42.7071 8.70711ZM0.5 9H42V7H0.5V9Z\" fill=\"#FFCC80\"><\/path><\/svg>\t\t\t<\/span>\n\t\t\t\t\t\t\t\t\t<span class=\"elementor-button-text\">Schedule<\/span>\n\t\t\t\t\t<\/span>\n\t\t\t\t\t<\/a>\n\t\t\t\t\t\t\t\t<\/div>\n\t\t\t\t<\/div>\n\t\t<div class=\"elementor-element elementor-element-87cc81a e-con-full e-flex e-con e-child\" data-id=\"87cc81a\" data-element_type=\"container\" data-settings=\"{&quot;background_background&quot;:&quot;classic&quot;}\">\n\t\t\t\t<div class=\"elementor-element elementor-element-a457d36 elementor-widget-mobile__width-inherit elementor-widget-tablet__width-inherit elementor-widget__width-inherit elementor-widget elementor-widget-heading\" data-id=\"a457d36\" data-element_type=\"widget\" data-widget_type=\"heading.default\">\n\t\t\t\t\t<h2 class=\"elementor-heading-title elementor-size-default\">The opening of the<br>\n<span class=\"forte02\"> Paths<\/span><\/h2>\t\t\t\t<\/div>\n\t\t\t\t<div class=\"elementor-element elementor-element-bc20cf3 elementor-tablet-align-right elementor-align-right elementor-widget__width-inherit elementor-widget elementor-widget-button\" data-id=\"bc20cf3\" data-element_type=\"widget\" data-widget_type=\"button.default\">\n\t\t\t\t\t\t\t\t\t\t<a class=\"elementor-button elementor-button-link elementor-size-sm elementor-animation-grow\" href=\"https:\/\/zenuhub.com\/r\/whatsapp\" target=\"_blank\" rel=\"noopener\">\n\t\t\t\t\t\t<span class=\"elementor-button-content-wrapper\">\n\t\t\t\t\t\t<span class=\"elementor-button-icon\">\n\t\t\t\t<svg xmlns=\"http:\/\/www.w3.org\/2000\/svg\" width=\"43\" height=\"16\" viewbox=\"0 0 43 16\" fill=\"none\"><path d=\"M42.7071 8.70711C43.0976 8.31658 43.0976 7.68342 42.7071 7.29289L36.3431 0.928932C35.9526 0.538408 35.3195 0.538408 34.9289 0.928932C34.5384 1.31946 34.5384 1.95262 34.9289 2.34315L40.5858 8L34.9289 13.6569C34.5384 14.0474 34.5384 14.6805 34.9289 15.0711C35.3195 15.4616 35.9526 15.4616 36.3431 15.0711L42.7071 8.70711ZM0.5 9H42V7H0.5V9Z\" fill=\"#FFCC80\"><\/path><\/svg>\t\t\t<\/span>\n\t\t\t\t\t\t\t\t\t<span class=\"elementor-button-text\">Schedule<\/span>\n\t\t\t\t\t<\/span>\n\t\t\t\t\t<\/a>\n\t\t\t\t\t\t\t\t<\/div>\n\t\t\t\t<\/div>\n\t\t\t\t<div class=\"elementor-element elementor-element-c3250db elementor-widget-mobile__width-inherit elementor-widget__width-inherit elementor-widget elementor-widget-text-editor\" data-id=\"c3250db\" data-element_type=\"widget\" data-widget_type=\"text-editor.default\">\n\t\t\t\t\t\t\t\t\t<p data-pm-slice=\"1 1 []\">Every job is carried out with respect to the spiritual, and the need for absolute confidentiality. For more information, please contact us.<\/p>\t\t\t\t\t\t\t\t<\/div>\n\t\t\t\t\t<\/div>\n\t\t\t\t<\/div>\n\t\t\t\t<\/div>","protected":false},"excerpt":{"rendered":"<p>Meus servi\u00e7os Amarra\u00e7\u00f5es Amorosas Agendar Consulta Espiritual Sist\u00eamica Agendar Domina\u00e7\u00e3o de Cabe\u00e7a Agendar Rituais de Pactua\u00e7\u00f5es Agendar Abertura de Caminhos Agendar Cada trabalho \u00e9 realizado com respeito \u00e0 espiritualidade e sigilo absoluto. Para saber mais, entre em contato.<\/p>","protected":false},"author":1,"featured_media":0,"parent":0,"menu_order":0,"comment_status":"closed","ping_status":"closed","template":"elementor_header_footer","meta":{"footnotes":""},"class_list":["post-4875","page","type-page","status-publish","hentry"],"_links":{"self":[{"href":"https:\/\/paulodeayra.com\/en\/wp-json\/wp\/v2\/pages\/4875","targetHints":{"allow":["GET"]}}],"collection":[{"href":"https:\/\/paulodeayra.com\/en\/wp-json\/wp\/v2\/pages"}],"about":[{"href":"https:\/\/paulodeayra.com\/en\/wp-json\/wp\/v2\/types\/page"}],"author":[{"embeddable":true,"href":"https:\/\/paulodeayra.com\/en\/wp-json\/wp\/v2\/users\/1"}],"replies":[{"embeddable":true,"href":"https:\/\/paulodeayra.com\/en\/wp-json\/wp\/v2\/comments?post=4875"}],"version-history":[{"count":13,"href":"https:\/\/paulodeayra.com\/en\/wp-json\/wp\/v2\/pages\/4875\/revisions"}],"predecessor-version":[{"id":6030,"href":"https:\/\/paulodeayra.com\/en\/wp-json\/wp\/v2\/pages\/4875\/revisions\/6030"}],"wp:attachment":[{"href":"https:\/\/paulodeayra.com\/en\/wp-json\/wp\/v2\/media?parent=4875"}],"curies":[{"name":"wp","href":"https:\/\/api.w.org\/{rel}","templated":true}]}}